{"id":4663,"date":"2023-09-15T10:21:14","date_gmt":"2023-09-15T08:21:14","guid":{"rendered":"https:\/\/www.gondiaz.es\/tienda\/?post_type=product&#038;p=4663"},"modified":"2026-04-22T17:39:53","modified_gmt":"2026-04-22T15:39:53","slug":"lote-de-productos-con-paleta-seleccion","status":"publish","type":"product","link":"https:\/\/www.gondiaz.es\/tienda\/producto\/lote-de-productos-con-paleta-seleccion\/","title":{"rendered":"Lote de Productos con Paleta Selecci\u00f3n 100%"},"content":{"rendered":"<p>Nuestro Lote de Productos contiene 1 Pieza de Paleta Selecci\u00f3n 100% CASTRO Y GONZALEZ Guijuelo, lomo, chorizo y salchich\u00f3n de bellota, queso puro de oveja, Aceite ORO BAILEN\u00a0 y 2 botellas de Rioja CONTINO.<\/p>\n","protected":false},"excerpt":{"rendered":"<p>1 Pieza de Paleta Selecci\u00f3n 100% CASTRO Y GONZALEZ de 4,4 a 4,9 Kg.<\/p>\n<p>1 Pieza de Lomo de Bellota 100% Ib\u00e9rico CASTRO Y GONZ\u00c1LEZ (Salamanca) 450 gr. Aprox.<\/p>\n<p>1 Pieza de Chorizo de Bellota 100% Ib\u00e9rico Tripa Natural CASTRO Y GONZ\u00c1LEZ 450 gr. Aprox.<\/p>\n<p>1 Pieza de Salchich\u00f3n de Bellota 100% Ib\u00e9rico Tripa Natural CASTRO Y GONZ\u00c1LEZ 450 gr. Aprox.<\/p>\n<p>1 Pieza de Queso Puro de Oveja EL GRAN CARDENAL Etiqueta Negra 900 gr. Aprox. Premio CHEESEWORLD Gold.<\/p>\n<p>2 Botellas de D.O. Rioja Tinto CONTINO Reserva 20\/21<\/p>\n<p>1 Botella de Aceite de Oliva Picual Virgen Extra ORO BAILEN Reserva Familiar 500 ml. Premio Alimentos de Espa\u00f1a.<\/p>\n<p>Continente a elegir: Caja de Madera o Caja Jamonera Forrada Doble Tapa Geltex GONDIAZ Gran Lujo.<\/p>\n","protected":false},"featured_media":5280,"template":"","meta":[],"product_brand":[],"product_cat":[187],"product_tag":[226,237,239,235,238],"class_list":{"0":"post-4663","1":"product","2":"type-product","3":"status-publish","4":"has-post-thumbnail","6":"product_cat-lotes-de-productos","7":"product_tag-100-iberico","8":"product_tag-cesta-gourmet","9":"product_tag-cesta-navidad","10":"product_tag-lote-regalo","11":"product_tag-regalo-empresa","12":"pa_precinto-rojo","13":"pa_zona-de-fabricacion-zona-guijuelo","15":"first","16":"instock","17":"shipping-taxable","18":"purchasable","19":"product-type-simple"},"_links":{"self":[{"href":"https:\/\/www.gondiaz.es\/tienda\/wp-json\/wp\/v2\/product\/4663","targetHints":{"allow":["GET"]}}],"collection":[{"href":"https:\/\/www.gondiaz.es\/tienda\/wp-json\/wp\/v2\/product"}],"about":[{"href":"https:\/\/www.gondiaz.es\/tienda\/wp-json\/wp\/v2\/types\/product"}],"wp:featuredmedia":[{"embeddable":true,"href":"https:\/\/www.gondiaz.es\/tienda\/wp-json\/wp\/v2\/media\/5280"}],"wp:attachment":[{"href":"https:\/\/www.gondiaz.es\/tienda\/wp-json\/wp\/v2\/media?parent=4663"}],"wp:term":[{"taxonomy":"product_brand","embeddable":true,"href":"https:\/\/www.gondiaz.es\/tienda\/wp-json\/wp\/v2\/product_brand?post=4663"},{"taxonomy":"product_cat","embeddable":true,"href":"https:\/\/www.gondiaz.es\/tienda\/wp-json\/wp\/v2\/product_cat?post=4663"},{"taxonomy":"product_tag","embeddable":true,"href":"https:\/\/www.gondiaz.es\/tienda\/wp-json\/wp\/v2\/product_tag?post=4663"}],"curies":[{"name":"wp","href":"https:\/\/api.w.org\/{rel}","templated":true}]}}