{"id":4661,"date":"2023-09-15T10:21:04","date_gmt":"2023-09-15T08:21:04","guid":{"rendered":"https:\/\/www.gondiaz.es\/tienda\/?post_type=product&#038;p=4661"},"modified":"2026-04-22T17:39:53","modified_gmt":"2026-04-22T15:39:53","slug":"lote-de-productos-con-jamon-cebo-de-campo","status":"publish","type":"product","link":"https:\/\/www.gondiaz.es\/tienda\/producto\/lote-de-productos-con-jamon-cebo-de-campo\/","title":{"rendered":"Lote de Productos con Jam\u00f3n Cebo de Campo"},"content":{"rendered":"<p>Nuestro Lote de Productos contiene un Jam\u00f3n de Cebo de Campo 50% Ib\u00e9rico JULIAN MARTIN Guijuelo de 8 a 8,5 Kg., lomo, chorizo y salchich\u00f3n de bellota, queso puro de oveja, Aceite ORO BAILEN\u00a0 y 2 botellas de Rioja CONTINO.<\/p>\n","protected":false},"excerpt":{"rendered":"<p>1 Pieza de Jam\u00f3n de Cebo de Campo 50% Raza Ib\u00e9rica JULIAN MARTIN de 8 a 8,5 Kg.<\/p>\n<p>1 Pieza de Lomo de Bellota 100% Ib\u00e9rico CASTRO Y GONZ\u00c1LEZ (Salamanca) 450 gr. Aprox.<\/p>\n<p>1 Pieza de Chorizo de Bellota 100% Ib\u00e9rico Tripa Natural CASTRO Y GONZ\u00c1LEZ 450 gr. Aprox.<\/p>\n<p>1 Pieza de Salchich\u00f3n de Bellota 100% Ib\u00e9rico Tripa Natural CASTRO Y GONZ\u00c1LEZ 450 gr. Aprox.<\/p>\n<p>1 Pieza de Queso Puro de Oveja EL GRAN CARDENAL Etiqueta Negra 900 gr. Aprox. Premio CHEESEWORLD Gold.<\/p>\n<p>2 Botellas de D.O. Rioja Tinto CONTINO Reserva 20\/21<\/p>\n<p>1 Botella de Aceite de Oliva Picual Virgen Extra ORO BAILEN Reserva Familiar 500 ml. Premio Alimentos de Espa\u00f1a.<\/p>\n<p>Continente a elegir: Caja de Madera o Caja Jamonera Forrada Doble Tapa Geltex GONDIAZ Gran Lujo.<\/p>\n","protected":false},"featured_media":5278,"template":"","meta":[],"product_brand":[],"product_cat":[187],"product_tag":[237,239,235,238],"class_list":{"0":"post-4661","1":"product","2":"type-product","3":"status-publish","4":"has-post-thumbnail","6":"product_cat-lotes-de-productos","7":"product_tag-cesta-gourmet","8":"product_tag-cesta-navidad","9":"product_tag-lote-regalo","10":"product_tag-regalo-empresa","11":"pa_precinto-rojo","12":"pa_zona-de-fabricacion-zona-guijuelo","14":"first","15":"instock","16":"shipping-taxable","17":"purchasable","18":"product-type-simple"},"_links":{"self":[{"href":"https:\/\/www.gondiaz.es\/tienda\/wp-json\/wp\/v2\/product\/4661","targetHints":{"allow":["GET"]}}],"collection":[{"href":"https:\/\/www.gondiaz.es\/tienda\/wp-json\/wp\/v2\/product"}],"about":[{"href":"https:\/\/www.gondiaz.es\/tienda\/wp-json\/wp\/v2\/types\/product"}],"wp:featuredmedia":[{"embeddable":true,"href":"https:\/\/www.gondiaz.es\/tienda\/wp-json\/wp\/v2\/media\/5278"}],"wp:attachment":[{"href":"https:\/\/www.gondiaz.es\/tienda\/wp-json\/wp\/v2\/media?parent=4661"}],"wp:term":[{"taxonomy":"product_brand","embeddable":true,"href":"https:\/\/www.gondiaz.es\/tienda\/wp-json\/wp\/v2\/product_brand?post=4661"},{"taxonomy":"product_cat","embeddable":true,"href":"https:\/\/www.gondiaz.es\/tienda\/wp-json\/wp\/v2\/product_cat?post=4661"},{"taxonomy":"product_tag","embeddable":true,"href":"https:\/\/www.gondiaz.es\/tienda\/wp-json\/wp\/v2\/product_tag?post=4661"}],"curies":[{"name":"wp","href":"https:\/\/api.w.org\/{rel}","templated":true}]}}