{"id":3887,"date":"2021-01-04T08:25:48","date_gmt":"2021-01-04T06:25:48","guid":{"rendered":"https:\/\/www.gondiaz.es\/tienda\/?post_type=product&#038;p=3887"},"modified":"2026-04-22T17:39:46","modified_gmt":"2026-04-22T15:39:46","slug":"lote-de-productos-con-jamon-loncheado","status":"publish","type":"product","link":"https:\/\/www.gondiaz.es\/tienda\/producto\/lote-de-productos-con-jamon-loncheado\/","title":{"rendered":"Lote de Productos con Jamon Loncheado."},"content":{"rendered":"<p>Nuestro Lote de Productos contiene 5 sobres de 100 gramos de Jam\u00f3n de Bellota 100% Ib\u00e9rico JAMON DE AUTOR cortado a cuchillo, lomo, chorizo y salchich\u00f3n de bellota, queso puro de oveja, Aceite ORO BAILEN\u00a0 y 2 botellas de Rioja CONTINO.<\/p>\n","protected":false},"excerpt":{"rendered":"<p>5 Sobres de Jam\u00f3n de Bellota 100% Ib\u00e9rico JAM\u00d3N DE AUTOR Loncheado a Cuchillo 100 Grs.<\/p>\n<p>1 Pieza de Lomo de Bellota 100% Ib\u00e9rico CASTRO Y GONZ\u00c1LEZ\u00a0 (Salamanca) 450 gr. Aprox.<\/p>\n<p>1 Pieza de Chorizo de Bellota 100% Ib\u00e9rico Tripa Natural CASTRO Y GONZ\u00c1LEZ 450 gr. Aprox.<\/p>\n<p>1 Pieza de Salchich\u00f3n de Bellota 100% Ib\u00e9rico Tripa Natural CASTRO Y GONZ\u00c1LEZ 450 gr. Aprox.<\/p>\n<p>1 Pieza de Queso Puro de Oveja EL GRAN CARDENAL Etiqueta Negra 900 gr. Aprox. Premio WORLD CHEESE Gold.<\/p>\n<p>2 Botellas de D.O. Rioja Tinto CONTINO Reserva 19\/20<\/p>\n<p>1 Botella de Aceite de Oliva Picual Virgen Extra ORO BAILEN Reserva Familiar 500 ml. Premio Alimentos de Espa\u00f1a.<\/p>\n<p>Continente: Estuche de Madera.<\/p>\n","protected":false},"featured_media":5286,"template":"","meta":[],"product_brand":[],"product_cat":[187],"product_tag":[237,239,241,235,238],"class_list":{"0":"post-3887","1":"product","2":"type-product","3":"status-publish","4":"has-post-thumbnail","6":"product_cat-lotes-de-productos","7":"product_tag-cesta-gourmet","8":"product_tag-cesta-navidad","9":"product_tag-jamon-loncheado","10":"product_tag-lote-regalo","11":"product_tag-regalo-empresa","12":"pa_precinto-rojo","13":"pa_zona-de-fabricacion-zona-guijuelo","15":"first","16":"instock","17":"shipping-taxable","18":"purchasable","19":"product-type-simple"},"_links":{"self":[{"href":"https:\/\/www.gondiaz.es\/tienda\/wp-json\/wp\/v2\/product\/3887","targetHints":{"allow":["GET"]}}],"collection":[{"href":"https:\/\/www.gondiaz.es\/tienda\/wp-json\/wp\/v2\/product"}],"about":[{"href":"https:\/\/www.gondiaz.es\/tienda\/wp-json\/wp\/v2\/types\/product"}],"wp:featuredmedia":[{"embeddable":true,"href":"https:\/\/www.gondiaz.es\/tienda\/wp-json\/wp\/v2\/media\/5286"}],"wp:attachment":[{"href":"https:\/\/www.gondiaz.es\/tienda\/wp-json\/wp\/v2\/media?parent=3887"}],"wp:term":[{"taxonomy":"product_brand","embeddable":true,"href":"https:\/\/www.gondiaz.es\/tienda\/wp-json\/wp\/v2\/product_brand?post=3887"},{"taxonomy":"product_cat","embeddable":true,"href":"https:\/\/www.gondiaz.es\/tienda\/wp-json\/wp\/v2\/product_cat?post=3887"},{"taxonomy":"product_tag","embeddable":true,"href":"https:\/\/www.gondiaz.es\/tienda\/wp-json\/wp\/v2\/product_tag?post=3887"}],"curies":[{"name":"wp","href":"https:\/\/api.w.org\/{rel}","templated":true}]}}