{"id":3863,"date":"2020-12-29T13:49:00","date_gmt":"2020-12-29T11:49:00","guid":{"rendered":"https:\/\/www.gondiaz.es\/tienda\/?post_type=product&#038;p=3863"},"modified":"2026-04-22T17:39:46","modified_gmt":"2026-04-22T15:39:46","slug":"lote-de-productos-paleta-seleccion","status":"publish","type":"product","link":"https:\/\/www.gondiaz.es\/tienda\/producto\/lote-de-productos-paleta-seleccion\/","title":{"rendered":"Lote de Productos con Paleta 100% Selecci\u00f3n"},"content":{"rendered":"<p>El <strong>lote de productos con paleta 100% Selecci\u00f3n<\/strong> de Gond\u00edaz es una cesta gourmet de primer nivel que incluye la paleta ib\u00e9rica de categor\u00eda m\u00e1s exclusiva de nuestra selecci\u00f3n, acompa\u00f1ada de los embutidos de bellota y el aceite de oliva de mayor calidad de nuestro cat\u00e1logo. Una propuesta pensada para quienes no quieren hacer concesiones en la calidad del regalo o la degustaci\u00f3n.<\/p>\n<p>El lote incluye una <strong>Paleta 100% Selecci\u00f3n Castro y Gonz\u00e1lez<\/strong> \u2014fuera de la norma del ib\u00e9rico por elecci\u00f3n del fabricante, que entiende que su producto supera en calidad a cualquier denominaci\u00f3n reglamentaria\u2014 de 4,5-5 kg, Lomo de Bellota 100% Ib\u00e9rico Castro y Gonz\u00e1lez (450 g aprox.), Vela de Chorizo de Bellota 100% Ib\u00e9rico Castro y Gonz\u00e1lez (400 g aprox.), Vela de Salchich\u00f3n de Bellota 100% Ib\u00e9rico Castro y Gonz\u00e1lez (400 g aprox.) y Aceite de Oliva Virgen Extra ORO BAIL\u00c9N Reserva Familiar.<\/p>\n<p>Para quienes entienden el ib\u00e9rico y aprecian las diferencias entre fabricantes y categor\u00edas, este lote con la Paleta Selecci\u00f3n 100% Castro y Gonz\u00e1lez es el <strong>regalo m\u00e1s sofisticado y diferencial<\/strong> que pueden hacer o recibir. Una pieza que no se encuentra f\u00e1cilmente en el mercado convencional, combinada con los mejores embutidos y el mejor aceite disponibles, compone un conjunto de regalo o degustaci\u00f3n verdaderamente excepcional.<\/p>\n<p>Env\u00edo con m\u00e1ximas garant\u00edas de conservaci\u00f3n a toda Espa\u00f1a. Contacta con el equipo de Gond\u00edaz para personalizaci\u00f3n o pedidos corporativos en volumen para cestas de navidad de empresa.<\/p>\n","protected":false},"excerpt":{"rendered":"<p>Paleta 100% Selecci\u00f3n de CASTRO Y GONZ\u00c1LEZ de 4,5 a 5 Kg.<\/p>\n<p>Lomo de Bellota 100 % Ib\u00e9rico CASTRO Y GONZ\u00c1LEZ 450 gr. Aprox.<\/p>\n<p>Vela de Chorizo de Bellota 100% Ib\u00e9rico CASTRO Y GONZ\u00c1LEZ 400 gr. Aprox.<\/p>\n<p>Vela de Salchich\u00f3n de Bellota 100% Ib\u00e9rico CASTRO Y GONZ\u00c1LEZ 400 gr. Aprox.<\/p>\n<p>2 Botellas D.O. Rioja Tinto AZPILICUETA Crianza<\/p>\n<p>Aceite de Oliva Virgen Extra ORO BAILEN Picual Reserva Familiar 250 ml.<\/p>\n","protected":false},"featured_media":5438,"template":"","meta":[],"product_brand":[205,203],"product_cat":[187],"product_tag":[226,237,235,238],"class_list":{"0":"post-3863","1":"product","2":"type-product","3":"status-publish","4":"has-post-thumbnail","6":"product_brand-castro-y-gonzalez","7":"product_brand-oro-bailen","8":"product_cat-lotes-de-productos","9":"product_tag-100-iberico","10":"product_tag-cesta-gourmet","11":"product_tag-lote-regalo","12":"product_tag-regalo-empresa","13":"pa_precinto-blanco","14":"pa_zona-de-fabricacion-zona-guijuelo","16":"first","17":"instock","18":"shipping-taxable","19":"purchasable","20":"product-type-simple"},"_links":{"self":[{"href":"https:\/\/www.gondiaz.es\/tienda\/wp-json\/wp\/v2\/product\/3863","targetHints":{"allow":["GET"]}}],"collection":[{"href":"https:\/\/www.gondiaz.es\/tienda\/wp-json\/wp\/v2\/product"}],"about":[{"href":"https:\/\/www.gondiaz.es\/tienda\/wp-json\/wp\/v2\/types\/product"}],"wp:featuredmedia":[{"embeddable":true,"href":"https:\/\/www.gondiaz.es\/tienda\/wp-json\/wp\/v2\/media\/5438"}],"wp:attachment":[{"href":"https:\/\/www.gondiaz.es\/tienda\/wp-json\/wp\/v2\/media?parent=3863"}],"wp:term":[{"taxonomy":"product_brand","embeddable":true,"href":"https:\/\/www.gondiaz.es\/tienda\/wp-json\/wp\/v2\/product_brand?post=3863"},{"taxonomy":"product_cat","embeddable":true,"href":"https:\/\/www.gondiaz.es\/tienda\/wp-json\/wp\/v2\/product_cat?post=3863"},{"taxonomy":"product_tag","embeddable":true,"href":"https:\/\/www.gondiaz.es\/tienda\/wp-json\/wp\/v2\/product_tag?post=3863"}],"curies":[{"name":"wp","href":"https:\/\/api.w.org\/{rel}","templated":true}]}}