{"id":3662,"date":"2020-09-28T12:23:06","date_gmt":"2020-09-28T10:23:06","guid":{"rendered":"https:\/\/www.gondiaz.es\/tienda\/?post_type=product&#038;p=3662"},"modified":"2026-04-22T17:39:46","modified_gmt":"2026-04-22T15:39:46","slug":"lote-de-productos-jamon-bellota","status":"publish","type":"product","link":"https:\/\/www.gondiaz.es\/tienda\/producto\/lote-de-productos-jamon-bellota\/","title":{"rendered":"Lote de Productos con Jam\u00f3n Bellota, embutidos, queso y aceite"},"content":{"rendered":"<p>El <strong>lote con jam\u00f3n de bellota, embutidos, queso y aceite<\/strong> de Gond\u00edaz es la cesta gourmet m\u00e1s completa de nuestro cat\u00e1logo. Dise\u00f1ado para sorprender a quienes exigen calidad en cada producto, este lote re\u00fane lo mejor del ib\u00e9rico con queso de oveja premiado internacionalmente y el mejor aceite de oliva del mundo, componi\u00e9ndose en una <strong>experiencia gastron\u00f3mica de principio a fin<\/strong>.<\/p>\n<p>El lote incluye una pieza entera de <strong>Jam\u00f3n de Bellota 75% Raza Ib\u00e9rica CASTRO Y GONZ\u00c1LEZ<\/strong> de entre 7,5 y 8 kg, adem\u00e1s de Lomo, Chorizo y Salchich\u00f3n de Bellota 100% Ib\u00e9rico del mismo fabricante (aprox. 450 g cada uno), un queso puro de oveja EL GRAN CARDENAL Etiqueta Negra Curado, y una botella de Aceite de Oliva Virgen Extra ORO BAIL\u00c9N Reserva Familiar. Todos los productos son de la m\u00e1s alta calidad, seleccionados personalmente por el equipo de Gond\u00edaz.<\/p>\n<p>Un <strong>regalo empresarial<\/strong> de alto impacto para clientes, directivos o colaboradores que valoran la excelencia. Tambi\u00e9n es la elecci\u00f3n perfecta para cenas y celebraciones familiares donde el producto ib\u00e9rico de calidad es el protagonista. La combinaci\u00f3n de jam\u00f3n, embutidos, queso y aceite cubre todos los paladares y garantiza una <strong>experiencia completa de la gastronom\u00eda espa\u00f1ola<\/strong> de primer nivel.<\/p>\n<p>Se presenta con todos los productos correctamente envasados y etiquetados. El env\u00edo se realiza con m\u00e1ximas garant\u00edas de conservaci\u00f3n. Disponible para entrega en toda Espa\u00f1a y con la posibilidad de incluir mensaje personalizado para regalo. Consulta disponibilidad para grandes vol\u00famenes o pedidos corporativos de cestas de navidad.<\/p>\n","protected":false},"excerpt":{"rendered":"<p>1 Pieza de Jam\u00f3n de Bellota 75% Raza Ib\u00e9rica CASTRO Y GONZ\u00c1LEZ de 7,5 a 8 Kg.<br \/>\n1 Pieza de Lomo de Bellota 100% Ib\u00e9rico CASTRO Y GONZ\u00c1LEZ (Salamanca) 450 gr. Aprox.<br \/>\n1 Pieza de Chorizo de Bellota 100% Ib\u00e9rico Tripa Natural CASTRO Y GONZ\u00c1LEZ 450 gr. Aprox.<br \/>\n1 Pieza de Salchich\u00f3n de Bellota 100% Ib\u00e9rico Tripa Natural CASTRO Y GONZ\u00c1LEZ 450 gr. Aprox.<br \/>\n1 Pieza de Queso Puro de Oveja EL GRAN CARDENAL Etiqueta Negra 900 gr. Aprox. Premio CHEESEWORLD Gold.<br \/>\n2 Botellas de D.O. Rioja Tinto CONTINO Reserva 20\/21<br \/>\n1 Botella de Aceite de Oliva Picual Virgen Extra ORO BAILEN Reserva Familiar 500 ml. Premio Alimentos de Espa\u00f1a.<\/p>\n<p>Continente a elegir: Caja de Madera o Caja Jamonera Forrada Doble Tapa Geltex GONDIAZ Gran Lujo.<\/p>\n","protected":false},"featured_media":5281,"template":"","meta":[],"product_brand":[],"product_cat":[187],"product_tag":[237,239,235,236,238],"class_list":{"0":"post-3662","1":"product","2":"type-product","3":"status-publish","4":"has-post-thumbnail","6":"product_cat-lotes-de-productos","7":"product_tag-cesta-gourmet","8":"product_tag-cesta-navidad","9":"product_tag-lote-regalo","10":"product_tag-queso","11":"product_tag-regalo-empresa","12":"pa_precinto-rojo","13":"pa_zona-de-fabricacion-zona-guijuelo","15":"first","16":"instock","17":"shipping-taxable","18":"purchasable","19":"product-type-simple"},"_links":{"self":[{"href":"https:\/\/www.gondiaz.es\/tienda\/wp-json\/wp\/v2\/product\/3662","targetHints":{"allow":["GET"]}}],"collection":[{"href":"https:\/\/www.gondiaz.es\/tienda\/wp-json\/wp\/v2\/product"}],"about":[{"href":"https:\/\/www.gondiaz.es\/tienda\/wp-json\/wp\/v2\/types\/product"}],"wp:featuredmedia":[{"embeddable":true,"href":"https:\/\/www.gondiaz.es\/tienda\/wp-json\/wp\/v2\/media\/5281"}],"wp:attachment":[{"href":"https:\/\/www.gondiaz.es\/tienda\/wp-json\/wp\/v2\/media?parent=3662"}],"wp:term":[{"taxonomy":"product_brand","embeddable":true,"href":"https:\/\/www.gondiaz.es\/tienda\/wp-json\/wp\/v2\/product_brand?post=3662"},{"taxonomy":"product_cat","embeddable":true,"href":"https:\/\/www.gondiaz.es\/tienda\/wp-json\/wp\/v2\/product_cat?post=3662"},{"taxonomy":"product_tag","embeddable":true,"href":"https:\/\/www.gondiaz.es\/tienda\/wp-json\/wp\/v2\/product_tag?post=3662"}],"curies":[{"name":"wp","href":"https:\/\/api.w.org\/{rel}","templated":true}]}}