{"id":3660,"date":"2020-09-28T12:19:40","date_gmt":"2020-09-28T10:19:40","guid":{"rendered":"https:\/\/www.gondiaz.es\/tienda\/?post_type=product&#038;p=3660"},"modified":"2026-04-22T17:39:46","modified_gmt":"2026-04-22T15:39:46","slug":"lote-de-productos-castro-y-gonzalez","status":"publish","type":"product","link":"https:\/\/www.gondiaz.es\/tienda\/producto\/lote-de-productos-castro-y-gonzalez\/","title":{"rendered":"Lote de Productos con Jam\u00f3n Castro y Gonz\u00e1lez."},"content":{"rendered":"<p>Disfrute de la tradici\u00f3n y la calidad con nuestro <b class=\"\">Lote de Productos con Jam\u00f3n Castro y Gonz\u00e1lez<\/b>, una selecci\u00f3n premium directamente desde el coraz\u00f3n de Guijuelo, cuna de los mejores ib\u00e9ricos. Este lote es la opci\u00f3n perfecta para los amantes de los sabores aut\u00e9nticos y una excelente manera de regalar o compartir una experiencia gastron\u00f3mica inigualable.<\/p>\n","protected":false},"excerpt":{"rendered":"<p>1 Pieza de Jam\u00f3n Selecci\u00f3n 100% CASTRO Y GONZ\u00c1LEZ. Ganader\u00eda y Fincas Propias de 6,5 a 7 Kg.<br \/>\n1 Pieza de Lomo de Bellota 100% Ib\u00e9rico CASTRO Y GONZ\u00c1LEZ (Salamanca) 450 gr. Aprox.<br \/>\n1 Pieza de Chorizo de Bellota 100% Ib\u00e9rico Tripa Natural CASTRO Y GONZ\u00c1LEZ 450 gr. Aprox.<br \/>\n1 Pieza de Salchich\u00f3n de Bellota 100% Ib\u00e9rico Tripa Natural CASTRO Y GONZ\u00c1LEZ 450 gr. Aprox.<br \/>\n1 Pieza de Queso Puro de Oveja EL GRAN CARDENAL Etiqueta Negra 900 gr. Aprox. Premio CHEESEWORLD Gold.<br \/>\n2 Botellas de D.O. Rioja Tinto CONTINO Reserva 20\/21<br \/>\n1 Botella de Aceite de Oliva Picual Virgen Extra ORO BAILEN Reserva Familiar 500 ml. Premio Alimentos de Espa\u00f1a.<\/p>\n<p>Continente a elegir: Caja de Madera o Caja Jamonera Forrada Doble Tapa Geltex GONDIAZ Gran Lujo.<\/p>\n","protected":false},"featured_media":5282,"template":"","meta":[],"product_brand":[],"product_cat":[187],"product_tag":[222,237,239,218,235,238],"class_list":{"0":"post-3660","1":"product","2":"type-product","3":"status-publish","4":"has-post-thumbnail","6":"product_cat-lotes-de-productos","7":"product_tag-castro-y-gonzalez","8":"product_tag-cesta-gourmet","9":"product_tag-cesta-navidad","10":"product_tag-jamon-iberico","11":"product_tag-lote-regalo","12":"product_tag-regalo-empresa","13":"pa_precinto-fuera-de-norma","15":"first","16":"instock","17":"shipping-taxable","18":"purchasable","19":"product-type-simple"},"_links":{"self":[{"href":"https:\/\/www.gondiaz.es\/tienda\/wp-json\/wp\/v2\/product\/3660","targetHints":{"allow":["GET"]}}],"collection":[{"href":"https:\/\/www.gondiaz.es\/tienda\/wp-json\/wp\/v2\/product"}],"about":[{"href":"https:\/\/www.gondiaz.es\/tienda\/wp-json\/wp\/v2\/types\/product"}],"wp:featuredmedia":[{"embeddable":true,"href":"https:\/\/www.gondiaz.es\/tienda\/wp-json\/wp\/v2\/media\/5282"}],"wp:attachment":[{"href":"https:\/\/www.gondiaz.es\/tienda\/wp-json\/wp\/v2\/media?parent=3660"}],"wp:term":[{"taxonomy":"product_brand","embeddable":true,"href":"https:\/\/www.gondiaz.es\/tienda\/wp-json\/wp\/v2\/product_brand?post=3660"},{"taxonomy":"product_cat","embeddable":true,"href":"https:\/\/www.gondiaz.es\/tienda\/wp-json\/wp\/v2\/product_cat?post=3660"},{"taxonomy":"product_tag","embeddable":true,"href":"https:\/\/www.gondiaz.es\/tienda\/wp-json\/wp\/v2\/product_tag?post=3660"}],"curies":[{"name":"wp","href":"https:\/\/api.w.org\/{rel}","templated":true}]}}