{"id":2532,"date":"2018-04-20T05:34:47","date_gmt":"2018-04-20T03:34:47","guid":{"rendered":"https:\/\/www.gondiaz.es\/tienda\/?post_type=product&#038;p=2532"},"modified":"2025-03-03T12:21:12","modified_gmt":"2025-03-03T10:21:12","slug":"lomo-de-bellota-100-iberico-maera-salamanca","status":"publish","type":"product","link":"https:\/\/www.gondiaz.es\/tienda\/producto\/lomo-de-bellota-100-iberico-maera-salamanca\/","title":{"rendered":"Lomo de Bellota 100% Ib\u00e9rico MAERA Guijuelo (Salamanca)"},"content":{"rendered":"","protected":false},"excerpt":{"rendered":"<p>Se puede enviar en 1 d\u00eda.<\/p>\n<p>F\u00e1brica ubicada en Guijuelo provincia de Salamanca. La tonalidad de este lomo de bellota 100% ib\u00e9rico, aroma e intenso sabor, son el claro reflejo de todos los pasos dados en el proceso de elaboraci\u00f3n. Producto de la m\u00e1s alta calidad.<\/p>\n<p>Producto asociado al precinto negro del RD 4\/2014, de la <a href=\"https:\/\/www.gondiaz.es\/historia-de-un-jamon\/\">norma del jam\u00f3n, paleta y lomo de cerdo ib\u00e9rico<\/a>. Certifica que proviene de reproductores ib\u00e9ricos puros, es decir, Madre y Padre 100% ib\u00e9ricos inscritos en el libro geneal\u00f3gico de la Raza Porcina Ib\u00e9rica de Espa\u00f1a y que adem\u00e1s su clasificaci\u00f3n seg\u00fan su alimentaci\u00f3n es como <strong>lomo de bellota<\/strong>.<\/p>\n","protected":false},"featured_media":5038,"template":"","meta":[],"product_brand":[212],"product_cat":[141],"product_tag":[],"class_list":{"0":"post-2532","1":"product","2":"type-product","3":"status-publish","4":"has-post-thumbnail","6":"product_brand-maera","7":"product_cat-embutidos-y-quesos","8":"pa_peso-de-055-kg-aprox","9":"pa_peso-de-11-a-12-kg","10":"pa_precinto-negro","11":"pa_tipo-loncheado-y-envasado-al-vacio-en-100-gr","12":"pa_tipo-pieza-completa-envasada-al-vacio","13":"pa_tipo-pieza-troceada-en-4-y-envasada-al-vacio","14":"pa_zona-de-fabricacion-zona-guijuelo","16":"first","17":"instock","18":"purchasable","19":"product-type-variable","20":"has-default-attributes"},"_links":{"self":[{"href":"https:\/\/www.gondiaz.es\/tienda\/wp-json\/wp\/v2\/product\/2532","targetHints":{"allow":["GET"]}}],"collection":[{"href":"https:\/\/www.gondiaz.es\/tienda\/wp-json\/wp\/v2\/product"}],"about":[{"href":"https:\/\/www.gondiaz.es\/tienda\/wp-json\/wp\/v2\/types\/product"}],"wp:featuredmedia":[{"embeddable":true,"href":"https:\/\/www.gondiaz.es\/tienda\/wp-json\/wp\/v2\/media\/5038"}],"wp:attachment":[{"href":"https:\/\/www.gondiaz.es\/tienda\/wp-json\/wp\/v2\/media?parent=2532"}],"wp:term":[{"taxonomy":"product_brand","embeddable":true,"href":"https:\/\/www.gondiaz.es\/tienda\/wp-json\/wp\/v2\/product_brand?post=2532"},{"taxonomy":"product_cat","embeddable":true,"href":"https:\/\/www.gondiaz.es\/tienda\/wp-json\/wp\/v2\/product_cat?post=2532"},{"taxonomy":"product_tag","embeddable":true,"href":"https:\/\/www.gondiaz.es\/tienda\/wp-json\/wp\/v2\/product_tag?post=2532"}],"curies":[{"name":"wp","href":"https:\/\/api.w.org\/{rel}","templated":true}]}}