{"id":2427,"date":"2018-03-21T14:42:01","date_gmt":"2018-03-21T12:42:01","guid":{"rendered":"http:\/\/www.gondiaz.es\/tienda\/?post_type=product&#038;p=2427"},"modified":"2026-04-22T17:39:40","modified_gmt":"2026-04-22T15:39:40","slug":"curso-cortadores-paleta-bellota","status":"publish","type":"product","link":"https:\/\/www.gondiaz.es\/tienda\/producto\/curso-cortadores-paleta-bellota\/","title":{"rendered":"Curso Cortadores Paleta de Bellota"},"content":{"rendered":"<div class=\"page\" title=\"Page 45\"><\/div>\n","protected":false},"excerpt":{"rendered":"<p>Modalidad 1: Cada participante dispondr\u00e1 de una paleta de bellota Ib\u00e9rica. Esta ser\u00e1 de su propiedad y el loncheado resultante ser\u00e1 envasado al vac\u00edo en bolsitas de 100 gr.<\/p>\n<p>Modalidad 2: Escoja esta modalidad en caso de que quiera acudir con pareja. <strong>El importe indicado es por persona<\/strong>, de modo que debe indicar 2 unidades. En caso de que contrate una sola unidad, la fecha de su curso estar\u00e1 sujeta a la disponibilidad de otra persona con su mismo producto en modalidad 2.Cada dos participantes dispondr\u00e1n de una paleta ib\u00e9rica de bellota. Esta ser\u00e1 de su propiedad y el loncheado resultante ser\u00e1 envasado al vac\u00edo en bolsitas de 100 gr. y repartido entre los dos participantes.<\/p>\n<p>Para m\u00e1s informaci\u00f3n sobre el curso y sus pr\u00f3ximas fechas pinche <a href=\"https:\/\/www.gondiaz.es\/curso-cortador-de-jamon\/\">aqui.<\/a><\/p>\n","protected":false},"featured_media":2809,"template":"","meta":[],"product_brand":[],"product_cat":[170,139],"product_tag":[276,274,273,275,228],"class_list":{"0":"post-2427","1":"product","2":"type-product","3":"status-publish","4":"has-post-thumbnail","6":"product_cat-cursos-de-cortadores","7":"product_cat-paleta","8":"product_tag-aprender-cortar-jamon","9":"product_tag-cortador-profesional","10":"product_tag-curso-cortador-de-jamon","11":"product_tag-curso-jamon-madrid","12":"product_tag-paleta-iberica","13":"pa_modalidad-modalidad1","14":"pa_modalidad-modalidad2","15":"pa_precinto-rojo","17":"first","18":"instock","19":"purchasable","20":"product-type-variable","21":"has-default-attributes"},"_links":{"self":[{"href":"https:\/\/www.gondiaz.es\/tienda\/wp-json\/wp\/v2\/product\/2427","targetHints":{"allow":["GET"]}}],"collection":[{"href":"https:\/\/www.gondiaz.es\/tienda\/wp-json\/wp\/v2\/product"}],"about":[{"href":"https:\/\/www.gondiaz.es\/tienda\/wp-json\/wp\/v2\/types\/product"}],"wp:featuredmedia":[{"embeddable":true,"href":"https:\/\/www.gondiaz.es\/tienda\/wp-json\/wp\/v2\/media\/2809"}],"wp:attachment":[{"href":"https:\/\/www.gondiaz.es\/tienda\/wp-json\/wp\/v2\/media?parent=2427"}],"wp:term":[{"taxonomy":"product_brand","embeddable":true,"href":"https:\/\/www.gondiaz.es\/tienda\/wp-json\/wp\/v2\/product_brand?post=2427"},{"taxonomy":"product_cat","embeddable":true,"href":"https:\/\/www.gondiaz.es\/tienda\/wp-json\/wp\/v2\/product_cat?post=2427"},{"taxonomy":"product_tag","embeddable":true,"href":"https:\/\/www.gondiaz.es\/tienda\/wp-json\/wp\/v2\/product_tag?post=2427"}],"curies":[{"name":"wp","href":"https:\/\/api.w.org\/{rel}","templated":true}]}}