{"id":2137,"date":"2018-03-16T15:42:35","date_gmt":"2018-03-16T13:42:35","guid":{"rendered":"http:\/\/www.gondiaz.es\/tienda\/?post_type=product&#038;p=2137"},"modified":"2025-07-23T13:14:15","modified_gmt":"2025-07-23T11:14:15","slug":"salchichon-bellota-iberico-tripa-natural-castro-gonzalez-guijuelo-salamanca","status":"publish","type":"product","link":"https:\/\/www.gondiaz.es\/tienda\/producto\/salchichon-bellota-iberico-tripa-natural-castro-gonzalez-guijuelo-salamanca\/","title":{"rendered":"Salchich\u00f3n de Bellota 100% Ib\u00e9rico Tripa Natural CASTRO Y GONZ\u00c1LEZ (Salamanca)"},"content":{"rendered":"","protected":false},"excerpt":{"rendered":"<div class=\"column\">\n<div class=\"column\">\n<p>El salchich\u00f3n de bellota de Castro y Gonz\u00e1lez tiene una tonalidad, aroma e intenso sabor, que son el claro reflejo de todos los pasos dados en el proceso de elaboraci\u00f3n. Producto de la m\u00e1s alta calidad.<\/p>\n<\/div>\n<div>F\u00e1brica ubicada en Guijuelo provincia de Salamanca.<\/div>\n<div>\n<p>Se puede enviar en 1 d\u00eda.<\/p>\n<p>&nbsp;<\/p>\n<\/div>\n<\/div>\n","protected":false},"featured_media":2826,"template":"","meta":[],"product_brand":[205],"product_cat":[141],"product_tag":[],"class_list":{"0":"post-2137","1":"product","2":"type-product","3":"status-publish","4":"has-post-thumbnail","6":"product_brand-castro-y-gonzalez","7":"product_cat-embutidos-y-quesos","8":"pa_peso-de-045-kg-aprox","9":"pa_peso-de-09-a-1-kg","10":"pa_tipo-loncheado-y-envasado-al-vacio-en-100-gr","11":"pa_tipo-pieza-completa-envasada-al-vacio","12":"pa_tipo-pieza-troceada-en-4-y-envasada-al-vacio","13":"pa_zona-de-fabricacion-zona-guijuelo","15":"first","16":"instock","17":"purchasable","18":"product-type-variable","19":"has-default-attributes"},"_links":{"self":[{"href":"https:\/\/www.gondiaz.es\/tienda\/wp-json\/wp\/v2\/product\/2137","targetHints":{"allow":["GET"]}}],"collection":[{"href":"https:\/\/www.gondiaz.es\/tienda\/wp-json\/wp\/v2\/product"}],"about":[{"href":"https:\/\/www.gondiaz.es\/tienda\/wp-json\/wp\/v2\/types\/product"}],"wp:featuredmedia":[{"embeddable":true,"href":"https:\/\/www.gondiaz.es\/tienda\/wp-json\/wp\/v2\/media\/2826"}],"wp:attachment":[{"href":"https:\/\/www.gondiaz.es\/tienda\/wp-json\/wp\/v2\/media?parent=2137"}],"wp:term":[{"taxonomy":"product_brand","embeddable":true,"href":"https:\/\/www.gondiaz.es\/tienda\/wp-json\/wp\/v2\/product_brand?post=2137"},{"taxonomy":"product_cat","embeddable":true,"href":"https:\/\/www.gondiaz.es\/tienda\/wp-json\/wp\/v2\/product_cat?post=2137"},{"taxonomy":"product_tag","embeddable":true,"href":"https:\/\/www.gondiaz.es\/tienda\/wp-json\/wp\/v2\/product_tag?post=2137"}],"curies":[{"name":"wp","href":"https:\/\/api.w.org\/{rel}","templated":true}]}}